{"id":123,"date":"2024-01-12T09:45:30","date_gmt":"2024-01-12T01:45:30","guid":{"rendered":"http:\/\/daixiglass.com\/?page_id=123"},"modified":"2024-01-12T09:45:30","modified_gmt":"2024-01-12T01:45:30","slug":"polityka-prywatnosci","status":"publish","type":"page","link":"https:\/\/www.daixiglass.com\/pl\/polityka-prywatnosci\/","title":{"rendered":"Polityka prywatno\u015bci"},"content":{"rendered":"<p>Prywatno\u015b\u0107 i bezpiecze\u0144stwo Twoich danych jest dla nas bardzo wa\u017cne.<br>Aby dowiedzie\u0107 si\u0119 wi\u0119cej, zapoznaj si\u0119 z pe\u0142n\u0105 polityk\u0105 prywatno\u015bci poni\u017cej.<br>Wst\u0119p<br>Niniejsza polityka prywatno\u015bci wyja\u015bnia, w jaki spos\u00f3b nasza firma i jej podmioty stowarzyszone gromadz\u0105 i wykorzystuj\u0105 Twoje dane. Nasza polityka prywatno\u015bci dotyczy wszystkich os\u00f3b, kt\u00f3re odwiedzaj\u0105 i korzystaj\u0105 z naszej strony internetowej, naszej firmy i us\u0142ug online, a tak\u017ce stron internetowych i us\u0142ug online udost\u0119pnianych przez naszych cz\u0142onk\u00f3w (zwanych \u0142\u0105cznie \u201ewitrynami\u201d). Sp\u00f3\u0142ki stowarzyszone to podmioty bezpo\u015brednio lub po\u015brednio nale\u017c\u0105ce do naszej sp\u00f3\u0142ki lub podmioty kontrolowane lub wsp\u00f3\u0142kontrolowane przez nasz\u0105 sp\u00f3\u0142k\u0119. Odniesienia do \u201epodstawowego zdrowia\u201d, \u201enas\u201d, \u201enaszego\u201d lub \u201enas\u201d w niniejszej polityce prywatno\u015bci odnosz\u0105 si\u0119 do podmiotu odpowiedzialnego za gromadzenie i wykorzystywanie Twoich danych osobowych, zazwyczaj podmiotu, kt\u00f3ry pozyskuje Twoje dane osobowe ka\u017cdorazowo w ramach. Podmiot ten nazywany jest tak\u017ce administratorem danych. Niniejsza polityka prywatno\u015bci nie obejmuje stron internetowych i us\u0142ug online obs\u0142ugiwanych przez nasz\u0105 firm\u0119 lub nasze sp\u00f3\u0142ki stowarzyszone. Te strony internetowe i us\u0142ugi online maj\u0105 odr\u0119bn\u0105 polityk\u0119 prywatno\u015bci i nie s\u0105 powi\u0105zane z niniejsz\u0105 polityk\u0105 prywatno\u015bci ani po\u0142\u0105czone przez odniesienie. Odmienne zasady ochrony prywatno\u015bci mog\u0105 dotyczy\u0107 tak\u017ce innych cz\u0119\u015bci naszej witryny internetowej, np. obszar\u00f3w chronionych has\u0142em lub stron internetowych wykorzystywanych do rekrutacji online. Nasza polityka prywatno\u015bci dotyczy wy\u0142\u0105cznie dzia\u0142a\u0144, kt\u00f3re podejmujemy na tej stronie i nie ma zastosowania do dzia\u0142a\u0144, kt\u00f3re s\u0105 \u201eoffline\u201d lub niezwi\u0105zane z t\u0105 witryn\u0105. Niniejsza polityka prywatno\u015bci zosta\u0142a w\u0142\u0105czona do naszego regulaminu i to samo obowi\u0105zuje podczas korzystania z naszej witryny internetowej. Korzystaj\u0105c z tej witryny i podaj\u0105c swoje dane osobowe oraz inne informacje za po\u015brednictwem tej witryny, potwierdzasz, \u017ce Twoje dane osobowe b\u0119d\u0105 przetwarzane zgodnie z warunkami niniejszej polityki prywatno\u015bci. Je\u015bli nie zgadzasz si\u0119 z praktykami opisanymi w niniejszej polityce prywatno\u015bci, prosimy o nie udost\u0119pnianie nam swoich danych osobowych i nie wchodzi\u0107 w interakcj\u0119 z serwisem w inny spos\u00f3b. Zastrzegamy sobie prawo do modyfikacji niniejszej polityki prywatno\u015bci w dowolnym momencie. Je\u015bli wprowadzimy jakiekolwiek istotne zmiany w naszej polityce prywatno\u015bci, poinformujemy o tym na tej stronie internetowej, zanim zmiany zaczn\u0105 obowi\u0105zywa\u0107. Mo\u017cesz okre\u015bli\u0107 dat\u0119 ostatniej aktualizacji niniejszej polityki prywatno\u015bci, odnosz\u0105c si\u0119 do daty \u201eostatniej aktualizacji\u201d powy\u017cej. Mo\u017cesz zapozna\u0107 si\u0119 z najnowsz\u0105 wersj\u0105 niniejszej polityki prywatno\u015bci. Zalecamy regularne sprawdzanie polityki prywatno\u015bci pod k\u0105tem ewentualnych zmian.<br>\u00a0<br>Jakie dane osobowe o Tobie zbieramy?<br>Dane osobowe u\u017cyte w niniejszej polityce prywatno\u015bci odnosz\u0105 si\u0119 do wszelkich informacji zwi\u0105zanych ze zidentyfikowan\u0105 lub mo\u017cliw\u0105 do zidentyfikowania osob\u0105 fizyczn\u0105 lub zgodnie z definicj\u0105 obowi\u0105zuj\u0105c\u0105 w przepisach prawa. Kiedy odwiedzasz nasz\u0105 stron\u0119 internetow\u0105 i dobrowolnie wchodzisz z ni\u0105 w interakcj\u0119, zbieramy nast\u0119puj\u0105ce dane osobowe:<br>Twoje imi\u0119 i nazwisko;<br>Nazwa firmy;<br>Adres protoko\u0142u internetowego (IP);<br>Dane kontaktowe (na przyk\u0142ad numer telefonu, adres e-mail);<br>lub Inne informacje, kt\u00f3re podajesz dobrowolnie.<br>\u00a0<br>Kiedy zbieramy o Tobie dane osobowe?<br>O ile dobrowolnie nie zdecydujesz si\u0119 ujawni\u0107 takich informacji, nasza firma nie b\u0119dzie zbiera\u0107 od Ciebie \u017cadnych danych osobowych za po\u015brednictwem tej witryny. Mo\u017cemy poprosi\u0107 Ci\u0119 o podanie niekt\u00f3rych danych osobowych w r\u00f3\u017cnych momentach i miejscach na stronie internetowej. W niekt\u00f3rych przypadkach, je\u015bli zdecydujesz si\u0119 nie przekazywa\u0107 nam \u017c\u0105danych danych osobowych, mo\u017cesz nie by\u0107 w stanie uzyska\u0107 dost\u0119pu do ca\u0142ej zawarto\u015bci tej witryny lub uczestniczy\u0107 we wszystkich jej funkcjach. Na przyk\u0142ad mo\u017cemy zbiera\u0107 od Ciebie dane osobowe, gdy wykonujesz nast\u0119puj\u0105ce czynno\u015bci:<br>Kupuj produkty naszej firmy za po\u015brednictwem naszej strony internetowej;<br>Otw\u00f3rz lub odpowiedz na nasz e-mail;<br>Je\u015bli dobrowolnie przekazujesz nam informacje za po\u015brednictwem ankiet klienckich, mo\u017cemy powi\u0105za\u0107 je z danymi osobowymi, kt\u00f3re wcze\u015bniej zebrali\u015bmy na Tw\u00f3j temat;<br>Skontaktuj si\u0119 z obs\u0142ug\u0105 klienta, skorzystaj z naszej funkcji \u201epo\u0142\u0105cz\u201d, aby porozmawia\u0107 z przedstawicielami naszej firmy lub skorzystaj z naszych narz\u0119dzi obs\u0142ugi klienta;<br>Po\u0142\u0105cz, po\u0142\u0105cz lub \u201eudost\u0119pnij\u201d nasz\u0105 stron\u0119 internetow\u0105 za po\u015brednictwem serwis\u00f3w spo\u0142eczno\u015bciowych;<br>Je\u015bli przekazujesz nam dane osobowe osoby trzeciej, oznacza to, \u017ce przekaza\u0142e\u015b tej osobie powiadomienie i zosta\u0142e\u015b przez ni\u0105 upowa\u017cniony do przekazania takich informacji.<br>\u00a0<br>Jak wykorzystujemy dane osobowe?<br>Nasza firma wykorzystuje gromadzone przez nas dane osobowe w celu \u015bwiadczenia us\u0142ug lub zawarcia z Tob\u0105 umowy, gdy odwiedzasz nasz\u0105 stron\u0119 internetow\u0105. To zawiera:<br>Utw\u00f3rz dla siebie konto w witrynie internetowej zgodnie ze swoimi wymaganiami;<br>Zapewnij obs\u0142ug\u0119 klienta (na przyk\u0142ad odpowiadaj na pytania lub odpowiadaj na pro\u015bby);<br>Wysy\u0142aj Ci przypomnienia, aktualizacje, wsparcie, wiadomo\u015bci od kierownictwa, og\u0142oszenia o us\u0142ugach i \u017c\u0105dane informacje;<br>Dane osobowe pozyskane przez stron\u0119 trzeci\u0105 lub przez nas b\u0119dziemy wykorzystywa\u0107 w uzasadnionych celach biznesowych, o ile dane te b\u0119d\u0105 zgodne z Twoimi prawami i oczekiwaniami dotycz\u0105cymi prywatno\u015bci. To zawiera:<br>Obs\u0142ugiwa\u0107, utrzymywa\u0107 i ulepsza\u0107 t\u0119 stron\u0119 internetow\u0105, nasze us\u0142ugi i nasze produkty;<br>Przeprowadzaj analizy i badania klient\u00f3w;<br>zweryfikowa\u0107 swoj\u0105 zdolno\u015b\u0107 dost\u0119pu lub korzystania z okre\u015blonych produkt\u00f3w lub us\u0142ug, kt\u00f3re s\u0105 dost\u0119pne wy\u0142\u0105cznie dla os\u00f3b spe\u0142niaj\u0105cych okre\u015blone wymagania lub standardy kwalifikacyjne, np. pracownik\u00f3w s\u0142u\u017cby zdrowia;<br>Zezwala\u0107 na interakcj\u0119 z okre\u015blonymi zewn\u0119trznymi dostawcami us\u0142ug w zakresie tre\u015bci (na przyk\u0142ad w celu umo\u017cliwienia Ci \u0142\u0105czenia si\u0119 z witrynami stron trzecich lub przegl\u0105dania ich w ramach tej witryny internetowej lub przegl\u0105dania naszych tre\u015bci w witrynach internetowych os\u00f3b trzecich);<br>Zezwoli\u0107 Ci na korzystanie z interaktywnych funkcji naszej witryny internetowej;<br>Zarz\u0105dzaj ankietami internetowymi lub ofertami specjalnymi udost\u0119pnianymi przez nas lub za po\u015brednictwem naszych zewn\u0119trznych partner\u00f3w biznesowych;<br>Ulepsza\u0107 nasz\u0105 stron\u0119 internetow\u0105, obs\u0142ug\u0119 klienta, produkty i us\u0142ugi oraz og\u00f3lne do\u015bwiadczenie u\u017cytkownika;<br>Popraw inne informacje, kt\u00f3re o Tobie posiadamy, aby\u015bmy mogli lepiej Ci\u0119 zrozumie\u0107 i okre\u015bli\u0107 Twoje zainteresowania;<br>Okre\u015bl swoje preferencje, aby\u015bmy mogli powiadamia\u0107 Ci\u0119 o nowych produktach lub innych produktach, us\u0142ugach i promocjach, kt\u00f3re mog\u0105 Ci\u0119 zainteresowa\u0107;<br>Nasza firma posiada r\u00f3wnie\u017c podstaw\u0119 prawn\u0105 do wykorzystywania Twoich danych osobowych:<br>Aby zapobiega\u0107 oszustwom, zapewni\u0107 bezpiecze\u0144stwo publiczne oraz egzekwowa\u0107 obowi\u0105zki i warunki raportowania naszej firmy oraz przestrzega\u0107 przepis\u00f3w ustawowych, wykonawczych, nakaz\u00f3w s\u0105dowych, wezwa\u0144 lub innych procedur prawnych.<br>Je\u017celi jest to wymagane przez prawo, mo\u017cemy r\u00f3wnie\u017c wykorzystywa\u0107 informacje zebrane zgodnie z niniejsz\u0105 polityk\u0105 prywatno\u015bci za Twoj\u0105 zgod\u0105, aby dostarcza\u0107 Ci towary lub us\u0142ugi, kt\u00f3re naszym zdaniem mog\u0105 Ci\u0119 zainteresowa\u0107.<br>\u00a0<br>Jak post\u0119powa\u0107 z wra\u017cliwymi danymi osobowymi?<br>Wra\u017cliwe dane osobowe u\u017cyte w polityce prywatno\u015bci (zwane tak\u017ce \u201eszczeg\u00f3lnymi kategoriami danych osobowych\u201d) odnosz\u0105 si\u0119 do danych zwi\u0105zanych z Twoj\u0105 ras\u0105 lub pochodzeniem etnicznym, pogl\u0105dami politycznymi, religi\u0105 lub innymi przekonaniami, zdrowiem, cechami genetycznymi lub biologicznymi, \u017cyciem seksualnym, lub seksualno\u015b\u0107. Informacje o orientacji, przesz\u0142o\u015bci kryminalnej lub przynale\u017cno\u015bci do zwi\u0105zku zawodowego. Nasza firma gromadzi wra\u017cliwe dane osobowe wy\u0142\u0105cznie w nast\u0119puj\u0105cych ograniczonych okoliczno\u015bciach:<br>Za Twoj\u0105 wyra\u017an\u0105 zgod\u0105;<br>Chro\u0144 \u017cywotne interesy swoje lub innych os\u00f3b, je\u015bli nie mo\u017cesz doj\u015b\u0107 do porozumienia fizycznie lub prawnie;<br>Je\u017celi leczenie jest wymagane do cel\u00f3w profilaktycznych lub medycyny pracy, zapewnia opiek\u0119 zdrowotn\u0105 lub spo\u0142eczn\u0105 lub leczenie b\u0105d\u017a zarz\u0105dza systemami i us\u0142ugami opieki zdrowotnej lub spo\u0142ecznej zgodnie z prawem Unii lub pa\u0144stw cz\u0142onkowskich lub zgodnie z umowami z pracownikami s\u0142u\u017cby zdrowia; lub wykorzystywane do ustalenia, dochodzenia lub obrony roszcze\u0144 prawnych, lub w zakresie dozwolonym i wymaganym przez obowi\u0105zuj\u0105ce przepisy prawa.<br>O ile obowi\u0105zuj\u0105ce przepisy nie stanowi\u0105 inaczej, nie musisz przekazywa\u0107 nam \u017cadnych wra\u017cliwych danych osobowych podczas korzystania z naszej witryny. Je\u015bli tego nie zrobisz, Twoja decyzja nie uniemo\u017cliwi Ci korzystania z naszej strony internetowej.<br>\u00a0<br>Jakie jeszcze informacje zbieramy?<br>Podobnie jak wiele innych stron internetowych, kiedy przegl\u0105dasz nasz\u0105 witryn\u0119 i wchodzisz z ni\u0105 w interakcj\u0119, mo\u017cemy korzysta\u0107 z technologii automatycznego gromadzenia danych w celu gromadzenia okre\u015blonych informacji o Twoim urz\u0105dzeniu, operacjach przegl\u0105dania i wzorcach, w tym:<br>Szczeg\u00f3\u0142y Twojej wizyty na naszej stronie internetowej, w tym zasoby, kt\u00f3re odwiedzasz i z kt\u00f3rych korzystasz na naszej stronie, dane o ruchu, dane o lokalizacji, logi, j\u0119zyk;<br>Data i godzina dost\u0119pu, cz\u0119stotliwo\u015b\u0107 i inne dane komunikacyjne;<br>Informacje o komputerze i po\u0142\u0105czeniu internetowym, w tym o systemie operacyjnym, domenie hosta i typie przegl\u0105darki (takiej jak Internet Explorer); Lub<br>Szczeg\u00f3\u0142y zalecanej strony internetowej (URL).<br>Informacje, kt\u00f3re zbieramy automatycznie, to dane statystyczne, kt\u00f3re mog\u0105 pom\u00f3c nam ulepszy\u0107 nasz\u0105 witryn\u0119 internetow\u0105 oraz \u015bwiadczy\u0107 lepsze i bardziej spersonalizowane us\u0142ugi, w tym umo\u017cliwi\u0107 nam:<br>Okre\u015bl wzorce ruchu w witrynie;<br>Policz liczb\u0119 wizyt na stronie;<br>Identyfikowa\u0107 \u017ar\u00f3d\u0142o ruchu, aby\u015bmy mogli mierzy\u0107 i poprawia\u0107 wydajno\u015b\u0107 witryny;<br>Udost\u0119pniaj lub sprzedawaj takie informacje stronom trzecim;<br>Pom\u00f3\u017c nam zrozumie\u0107, kt\u00f3re strony i tre\u015bci s\u0105 najpopularniejsze, a kt\u00f3re najmniej popularne; I<br>Okre\u015bl cz\u0119stotliwo\u015b\u0107 i dat\u0119 ostatnich odwiedzin na naszej stronie.<br>\u00a0<br>Pliki cookie i inne technologie<br>Kiedy odwiedzasz nasz\u0105 stron\u0119 internetow\u0105 lub wchodzisz w interakcj\u0119 z naszymi e-mailami, u\u017cywamy plik\u00f3w cookie, sygna\u0142\u00f3w nawigacyjnych\/znacznik\u00f3w pikselowych i innych technologii (zwanych \u0142\u0105cznie \u201eplikami cookie\u201d) w celu Twojej identyfikacji. \u201ePliki cookie\u201d to niewielkie ilo\u015bci danych buforowanych lub przechowywanych na komputerze w oparciu o aktywno\u015b\u0107 w Internecie. Te pliki cookie mog\u0105 by\u0107 przekazywane w kontek\u015bcie strony pierwszej lub strony trzeciej. Na przyk\u0142ad mo\u017cemy zbiera\u0107 informacje o typie i wersji przegl\u0105darki, systemie operacyjnym, j\u0119zyku u\u017cytkownika, dostawcy us\u0142ug internetowych, przegl\u0105danych stronach internetowych, klikni\u0119tych linkach, adresie IP, czy dost\u0119pna jest wtyczka \u201eFlash\u201d, rozdzielczo\u015bci ekranu i informacji o po\u0142\u0105czeniu. Rodzaje, strony odwiedzane przed i po odwiedzeniu naszej witryny, szczeg\u00f3\u0142owe informacje o zakupionych towarach oraz e-maile, kt\u00f3re wysy\u0142asz, przekazujesz lub klikasz, aby wej\u015b\u0107 na nasz\u0105 stron\u0119. Zbieraj\u0105c te informacje, mo\u017cemy lepiej zrozumie\u0107, w jaki spos\u00f3b korzystasz z naszej witryny internetowej; zapewnia\u0107 bardziej spersonalizowane i zoptymalizowane korzystanie z Internetu poprzez \u015bledzenie Twoich preferencji; ulepsza\u0107 nasz\u0105 stron\u0119 internetow\u0105; realizowa\u0107 umowy z naszymi partnerami biznesowymi; pomoc Potwierd\u017a otrzymanie i odpowiedz na nasz e-mail; i zapewni\u0107 bardziej efektywn\u0105 obs\u0142ug\u0119 klienta. Aby uzyska\u0107 wi\u0119cej informacji na temat gromadzonych przez nas plik\u00f3w cookie i sposob\u00f3w ich wy\u0142\u0105czania, zapoznaj si\u0119 z nasz\u0105 Polityk\u0105 dotycz\u0105c\u0105 plik\u00f3w cookie i sekcj\u0105 9 poni\u017cej. Wtyczki medi\u00f3w spo\u0142eczno\u015bciowych. Na naszej stronie internetowej stosujemy tzw. wtyczki spo\u0142eczno\u015bciowe (\u201ewtyczki\u201d) serwis\u00f3w spo\u0142eczno\u015bciowych Facebook, Twitter i LinkedIn. Wtyczki te s\u0105 oznaczone odpowiednimi logo sieci spo\u0142eczno\u015bciowych. Kiedy odwiedzisz t\u0119 witryn\u0119, Twoja przegl\u0105darka nawi\u0105\u017ce bezpo\u015brednie po\u0142\u0105czenie z serwerami tych sieci spo\u0142eczno\u015bciowych. Sie\u0107 spo\u0142eczno\u015bciowa przesy\u0142a zawarto\u015b\u0107 wtyczki bezpo\u015brednio do Twojej przegl\u0105darki, a nast\u0119pnie integruje j\u0105 ze stron\u0105 internetow\u0105. Integracja wtyczek umo\u017cliwia sieciom spo\u0142eczno\u015bciowym otrzymywanie informacji, kt\u00f3re za\u0142adowa\u0142e\u015b na odpowiednich stronach witryny. Przyk\u0142adowo, je\u015bli zalogujesz si\u0119 za pomoc\u0105 Facebooka, b\u0119dzie on m\u00f3g\u0142 przypisa\u0107 Twoj\u0105 wizyt\u0119 do Twojego konta. Kiedy odwiedzasz nasz\u0105 stron\u0119 internetow\u0105, niezale\u017cnie od tego, czy wchodzisz w interakcj\u0119 z wtyczk\u0105, czy nie, wymieni\u0142e\u015b ju\u017c te informacje. Je\u015bli wejdziesz w interakcj\u0119 z wtyczk\u0105, odpowiednia informacja zostanie przes\u0142ana bezpo\u015brednio do Facebooka za po\u015brednictwem Twojej przegl\u0105darki i tam zapisana. Mo\u017cesz znale\u017a\u0107 informacje na temat sposobu, w jaki sieci spo\u0142eczno\u015bciowe wykorzystuj\u0105 dane, a tak\u017ce Twoje prawa i opcjonalne ustawienia w serwisach spo\u0142eczno\u015bciowych w celu ochrony Twojej prywatno\u015bci. Je\u017celi nie chcesz, aby sieci spo\u0142eczno\u015bciowe zbiera\u0142y dane o Tobie za po\u015brednictwem naszej witryny, przed odwiedzeniem witryny musisz zalogowa\u0107 si\u0119 w domenie sieci spo\u0142eczno\u015bciowej. Aby zapobiec wymianie informacji z portalami spo\u0142eczno\u015bciowymi podczas Twojej wizyty na naszej stronie, mo\u017cesz zrezygnowa\u0107 z plik\u00f3w cookies poprzez ustawienia przegl\u0105darki oraz inne narz\u0119dzia.<br>\u00a0<br>Jak udost\u0119pniamy informacje?<br>Nasza firma zobowi\u0105zuje si\u0119 do zachowania poufno\u015bci Twoich danych osobowych. Z wyj\u0105tkiem przypadk\u00f3w przewidzianych w niniejszej polityce prywatno\u015bci, nie b\u0119dziemy sprzedawa\u0107, handlowa\u0107 ani wynajmowa\u0107 danych osobowych zebranych w witrynie stronom trzecim. Mo\u017cemy udost\u0119pnia\u0107 Twoje dane osobowe zgodnie z nast\u0119puj\u0105cymi wymogami prawnymi lub zezwoleniami:<br>W codziennym procesie biznesowym ka\u017cda sp\u00f3\u0142ka stowarzyszona z Hefei Zouping Daixin Glass Products Co., Ltd. mo\u017ce wykorzystywa\u0107 Twoje dane osobowe wy\u0142\u0105cznie do cel\u00f3w opisanych w niniejszej polityce prywatno\u015bci (na przyk\u0142ad, aby odpowiedzie\u0107 na Twoje zapytania dotycz\u0105ce naszych produkt\u00f3w i us\u0142ug);<br>kontrahentom, sprzedawcom i dostawcom, kt\u00f3rzy \u015bwiadcz\u0105 nam us\u0142ugi w naszym imieniu, takie jak przetwarzanie i realizacja zam\u00f3wie\u0144; analiza i przechowywanie danych; pomoc w marketingu bezpo\u015brednim i dystrybucji e-maili i innych komunikat\u00f3w; us\u0142ugi zapobiegania oszustwom; dostawa i logistyka; oraz wype\u0142ni\u0107 inne cele powy\u017cszej kolekcji;<br>Je\u017celi my lub kt\u00f3rakolwiek z naszych sp\u00f3\u0142ek stowarzyszonych z\u0142o\u017cy wniosek o upad\u0142o\u015b\u0107 lub przeniesienie w\u0142asno\u015bci (lub aktyw\u00f3w) w zwi\u0105zku z proponowan\u0105 lub ca\u0142kowit\u0105 reorganizacj\u0105 korporacyjn\u0105 kt\u00f3rejkolwiek z naszych sp\u00f3\u0142ek stowarzyszonych, tak\u0105 jak faktyczne lub potencjalne fuzje, przej\u0119cia lub sprzeda\u017c jednostek biznesowych;<br>Przestrzega\u0107 porz\u0105dk\u00f3w prawnych i wymog\u00f3w rz\u0105dowych lub w razie potrzeby wspiera\u0107 funkcje audytu, zgodno\u015bci i \u0142adu korporacyjnego;<br>Aby zwalcza\u0107 oszustwa lub dzia\u0142alno\u015b\u0107 przest\u0119pcz\u0105 oraz chroni\u0107 prawa nasze lub naszych podmiot\u00f3w stowarzyszonych, u\u017cytkownik\u00f3w i partner\u00f3w biznesowych, lub w ramach procedur prawnych maj\u0105cych wp\u0142yw na nasz\u0105 firm\u0119, w tym egzekwowania naszych warunk\u00f3w.<\/p>","protected":false},"excerpt":{"rendered":"<p>The privacy and security of your information is very important to us.Please view the full privacy policy below to learn more.IntroductionThis privacy policy explains how our company and its affiliates collect and use your information. Our privacy policy applies to all people who visit and use our website, our company and online services, and the [&hellip;]<\/p>","protected":false},"author":1,"featured_media":0,"parent":0,"menu_order":0,"comment_status":"closed","ping_status":"closed","template":"page\/privacy.php","meta":{"footnotes":""},"class_list":["post-123","page","type-page","status-publish","hentry"],"_links":{"self":[{"href":"https:\/\/www.daixiglass.com\/pl\/wp-json\/wp\/v2\/pages\/123","targetHints":{"allow":["GET"]}}],"collection":[{"href":"https:\/\/www.daixiglass.com\/pl\/wp-json\/wp\/v2\/pages"}],"about":[{"href":"https:\/\/www.daixiglass.com\/pl\/wp-json\/wp\/v2\/types\/page"}],"author":[{"embeddable":true,"href":"https:\/\/www.daixiglass.com\/pl\/wp-json\/wp\/v2\/users\/1"}],"replies":[{"embeddable":true,"href":"https:\/\/www.daixiglass.com\/pl\/wp-json\/wp\/v2\/comments?post=123"}],"version-history":[{"count":1,"href":"https:\/\/www.daixiglass.com\/pl\/wp-json\/wp\/v2\/pages\/123\/revisions"}],"predecessor-version":[{"id":124,"href":"https:\/\/www.daixiglass.com\/pl\/wp-json\/wp\/v2\/pages\/123\/revisions\/124"}],"wp:attachment":[{"href":"https:\/\/www.daixiglass.com\/pl\/wp-json\/wp\/v2\/media?parent=123"}],"curies":[{"name":"wp","href":"https:\/\/api.w.org\/{rel}","templated":true}]}}